{"id":7610,"date":"2025-10-16T09:35:43","date_gmt":"2025-10-16T09:35:43","guid":{"rendered":"https:\/\/www.memoyolyardim.com\/?page_id=7610"},"modified":"2025-10-16T11:08:03","modified_gmt":"2025-10-16T11:08:03","slug":"menemen-oto-kurtarma-7-24-acil-cekici-hizmeti","status":"publish","type":"page","link":"https:\/\/www.memoyolyardim.com\/index.php\/menemen-oto-kurtarma-7-24-acil-cekici-hizmeti\/","title":{"rendered":"Menemen Oto Kurtarma"},"content":{"rendered":"\t\t<div data-elementor-type=\"wp-page\" data-elementor-id=\"7610\" class=\"elementor elementor-7610\">\n\t\t\t\t<div class=\"elementor-element elementor-element-5512578 e-flex e-con-boxed kitify-col-width-auto-no ignore-docs-style-no kitify-disable-relative-no e-root-container elementor-top-section e-con e-parent\" data-id=\"5512578\" data-element_type=\"container\">\n\t\t\t\t\t<div class=\"e-con-inner\">\n\t\t\t\t<div class=\"elementor-element elementor-element-8860d9a elementor-invisible kitify-has-entrance-animation elementor-widget elementor-widget-image\" data-id=\"8860d9a\" data-element_type=\"widget\" data-settings=\"{&quot;_animation&quot;:&quot;kitifyShortFadeInUp&quot;}\" data-widget_type=\"image.default\">\n\t\t\t\t\t\t\t\t\t\t\t\t\t\t\t<img fetchpriority=\"high\" decoding=\"async\" width=\"1280\" height=\"580\" src=\"https:\/\/www.memoyolyardim.com\/wp-content\/uploads\/2025\/10\/m_10.webp\" class=\"attachment-full size-full wp-image-7512\" alt=\"\" srcset=\"https:\/\/www.memoyolyardim.com\/wp-content\/uploads\/2025\/10\/m_10.webp 1280w, https:\/\/www.memoyolyardim.com\/wp-content\/uploads\/2025\/10\/m_10-300x136.webp 300w, https:\/\/www.memoyolyardim.com\/wp-content\/uploads\/2025\/10\/m_10-1024x464.webp 1024w, https:\/\/www.memoyolyardim.com\/wp-content\/uploads\/2025\/10\/m_10-768x348.webp 768w\" sizes=\"(max-width: 1280px) 100vw, 1280px\" \/>\t\t\t\t\t\t\t\t\t\t\t\t\t\t\t<\/div>\n\t\t\t\t\t<\/div>\n\t\t\t\t<\/div>\n\t\t<div class=\"elementor-element elementor-element-f98c450 e-flex e-con-boxed kitify-col-width-auto-no ignore-docs-style-no kitify-disable-relative-no e-root-container elementor-top-section e-con e-parent\" data-id=\"f98c450\" data-element_type=\"container\" data-settings=\"{&quot;background_background&quot;:&quot;classic&quot;}\">\n\t\t\t\t\t<div class=\"e-con-inner\">\n\t\t\t\t<div class=\"elementor-element elementor-element-c0389e6 elementor-widget elementor-widget-heading\" data-id=\"c0389e6\" data-element_type=\"widget\" data-widget_type=\"heading.default\">\n\t\t\t\t\t<h1 class=\"elementor-heading-title elementor-size-default\">Menemen Oto Kurtarma | 7\/24 Acil \u00c7ekici ve Yol Yard\u0131m Hizmeti \u0130zmir<\/h1>\t\t\t\t<\/div>\n\t\t\t\t<div class=\"elementor-element elementor-element-ccd49d4 elementor-widget elementor-widget-heading\" data-id=\"ccd49d4\" data-element_type=\"widget\" data-widget_type=\"heading.default\">\n\t\t\t\t\t<h1 class=\"elementor-heading-title elementor-size-default\">Menemen, sanayi ve transit ge\u00e7i\u015f yollar\u0131n\u0131n yo\u011fun oldu\u011fu bir b\u00f6lgedir. Arac\u0131n\u0131z yolda kald\u0131\u011f\u0131nda zaman kaybetmeyin \u2014 Memo Yol Yard\u0131m Menemen ekibi, an\u0131nda yan\u0131n\u0131za gelir.\nAsarl\u0131k, Ulukent, T\u00fcrkelli, Villakent, Kaz\u0131mpa\u015fa gibi b\u00f6lgelerde aktif \u00e7ekici hizmeti sunuyoruz.<\/h1>\t\t\t\t<\/div>\n\t\t\t\t<div class=\"elementor-element elementor-element-65134f0 elementor-widget elementor-widget-heading\" data-id=\"65134f0\" data-element_type=\"widget\" data-widget_type=\"heading.default\">\n\t\t\t\t\t<h1 class=\"elementor-heading-title elementor-size-default\">Hizmetlerimiz<\/h1>\t\t\t\t<\/div>\n\t\t\t\t<div class=\"elementor-element elementor-element-36281c9 elementor-mobile-align-left elementor-icon-list--layout-traditional elementor-list-item-link-full_width elementor-widget elementor-widget-icon-list\" data-id=\"36281c9\" data-element_type=\"widget\" data-widget_type=\"icon-list.default\">\n\t\t\t\t\t\t\t<ul class=\"elementor-icon-list-items\">\n\t\t\t\t\t\t\t<li class=\"elementor-icon-list-item\">\n\t\t\t\t\t\t\t\t\t\t\t<span class=\"elementor-icon-list-icon\">\n\t\t\t\t\t\t\t<i aria-hidden=\"true\" class=\"novaicon novaicon-d-check\"><\/i>\t\t\t\t\t\t<\/span>\n\t\t\t\t\t\t\t\t\t\t<span class=\"elementor-icon-list-text\">Ar\u0131za sonras\u0131 oto kurtarma<\/span>\n\t\t\t\t\t\t\t\t\t<\/li>\n\t\t\t\t\t\t\t\t<li class=\"elementor-icon-list-item\">\n\t\t\t\t\t\t\t\t\t\t\t<span class=\"elementor-icon-list-icon\">\n\t\t\t\t\t\t\t<i aria-hidden=\"true\" class=\"novaicon novaicon-d-check\"><\/i>\t\t\t\t\t\t<\/span>\n\t\t\t\t\t\t\t\t\t\t<span class=\"elementor-icon-list-text\">Ak\u00fc takviyesi &amp; yak\u0131t deste\u011fi<\/span>\n\t\t\t\t\t\t\t\t\t<\/li>\n\t\t\t\t\t\t\t\t<li class=\"elementor-icon-list-item\">\n\t\t\t\t\t\t\t\t\t\t\t<span class=\"elementor-icon-list-icon\">\n\t\t\t\t\t\t\t<i aria-hidden=\"true\" class=\"novaicon novaicon-d-check\"><\/i>\t\t\t\t\t\t<\/span>\n\t\t\t\t\t\t\t\t\t\t<span class=\"elementor-icon-list-text\">Lastik de\u011fi\u015fimi<\/span>\n\t\t\t\t\t\t\t\t\t<\/li>\n\t\t\t\t\t\t\t\t<li class=\"elementor-icon-list-item\">\n\t\t\t\t\t\t\t\t\t\t\t<span class=\"elementor-icon-list-icon\">\n\t\t\t\t\t\t\t<i aria-hidden=\"true\" class=\"novaicon novaicon-d-check\"><\/i>\t\t\t\t\t\t<\/span>\n\t\t\t\t\t\t\t\t\t\t<span class=\"elementor-icon-list-text\">Kaza sonras\u0131 \u00e7ekici hizmeti<\/span>\n\t\t\t\t\t\t\t\t\t<\/li>\n\t\t\t\t\t\t\t\t<li class=\"elementor-icon-list-item\">\n\t\t\t\t\t\t\t\t\t\t\t<span class=\"elementor-icon-list-icon\">\n\t\t\t\t\t\t\t<i aria-hidden=\"true\" class=\"novaicon novaicon-d-check\"><\/i>\t\t\t\t\t\t<\/span>\n\t\t\t\t\t\t\t\t\t\t<span class=\"elementor-icon-list-text\">Hafif ticari &amp; binek ara\u00e7 \u00e7ekimi<\/span>\n\t\t\t\t\t\t\t\t\t<\/li>\n\t\t\t\t\t\t<\/ul>\n\t\t\t\t\t\t<\/div>\n\t\t\t\t<div class=\"elementor-element elementor-element-6eba9fd elementor-widget elementor-widget-heading\" data-id=\"6eba9fd\" data-element_type=\"widget\" data-widget_type=\"heading.default\">\n\t\t\t\t\t<h1 class=\"elementor-heading-title elementor-size-default\">G\u00fcvenli ta\u015f\u0131ma, profesyonel personel ve uygun fiyat garantisiyle Menemen\u2019de oto kurtarman\u0131n ilk adresiyiz. Kaza, yak\u0131t bitmesi, ak\u00fc ar\u0131zas\u0131 ya da mekanik sorunlarda bir telefonla \u00e7\u00f6z\u00fcm bizde.<\/h1>\t\t\t\t<\/div>\n\t\t\t\t<div class=\"elementor-element elementor-element-70a7c37 elementor-widget elementor-widget-heading\" data-id=\"70a7c37\" data-element_type=\"widget\" data-widget_type=\"heading.default\">\n\t\t\t\t\t<h1 class=\"elementor-heading-title elementor-size-default\">Neden Bayrakl\u0131\u2019da Memo Yol Yard\u0131m\u2019\u0131 tercih etmelisiniz?<\/h1>\t\t\t\t<\/div>\n\t\t\t\t<div class=\"elementor-element elementor-element-d173666 elementor-mobile-align-left elementor-icon-list--layout-traditional elementor-list-item-link-full_width elementor-widget elementor-widget-icon-list\" data-id=\"d173666\" data-element_type=\"widget\" data-widget_type=\"icon-list.default\">\n\t\t\t\t\t\t\t<ul class=\"elementor-icon-list-items\">\n\t\t\t\t\t\t\t<li class=\"elementor-icon-list-item\">\n\t\t\t\t\t\t\t\t\t\t\t<span class=\"elementor-icon-list-icon\">\n\t\t\t\t\t\t\t<i aria-hidden=\"true\" class=\"novaicon novaicon-d-check\"><\/i>\t\t\t\t\t\t<\/span>\n\t\t\t\t\t\t\t\t\t\t<span class=\"elementor-icon-list-text\">7\/24 aktif \u00e7a\u011fr\u0131 merkezi<\/span>\n\t\t\t\t\t\t\t\t\t<\/li>\n\t\t\t\t\t\t\t\t<li class=\"elementor-icon-list-item\">\n\t\t\t\t\t\t\t\t\t\t\t<span class=\"elementor-icon-list-icon\">\n\t\t\t\t\t\t\t<i aria-hidden=\"true\" class=\"novaicon novaicon-d-check\"><\/i>\t\t\t\t\t\t<\/span>\n\t\t\t\t\t\t\t\t\t\t<span class=\"elementor-icon-list-text\">Deneyimli s\u00fcr\u00fcc\u00fcler<\/span>\n\t\t\t\t\t\t\t\t\t<\/li>\n\t\t\t\t\t\t\t\t<li class=\"elementor-icon-list-item\">\n\t\t\t\t\t\t\t\t\t\t\t<span class=\"elementor-icon-list-icon\">\n\t\t\t\t\t\t\t<i aria-hidden=\"true\" class=\"novaicon novaicon-d-check\"><\/i>\t\t\t\t\t\t<\/span>\n\t\t\t\t\t\t\t\t\t\t<span class=\"elementor-icon-list-text\">Uygun fiyat politikas\u0131<\/span>\n\t\t\t\t\t\t\t\t\t<\/li>\n\t\t\t\t\t\t\t\t<li class=\"elementor-icon-list-item\">\n\t\t\t\t\t\t\t\t\t\t\t<span class=\"elementor-icon-list-icon\">\n\t\t\t\t\t\t\t<i aria-hidden=\"true\" class=\"novaicon novaicon-d-check\"><\/i>\t\t\t\t\t\t<\/span>\n\t\t\t\t\t\t\t\t\t\t<span class=\"elementor-icon-list-text\">Sigortal\u0131 ara\u00e7 ta\u015f\u0131ma garantisi<\/span>\n\t\t\t\t\t\t\t\t\t<\/li>\n\t\t\t\t\t\t<\/ul>\n\t\t\t\t\t\t<\/div>\n\t\t\t\t<div class=\"elementor-element elementor-element-a8c83c9 elementor-widget elementor-widget-heading\" data-id=\"a8c83c9\" data-element_type=\"widget\" data-widget_type=\"heading.default\">\n\t\t\t\t\t<h1 class=\"elementor-heading-title elementor-size-default\">Kaza, ar\u0131za, lastik patlamas\u0131, ak\u00fc bitmesi veya yak\u0131t t\u00fckenmesi gibi her durumda Memo Yol Yard\u0131m Menemen ekibi, g\u00fcvenli ve h\u0131zl\u0131 \u00e7\u00f6z\u00fcmler \u00fcretir. T\u00fcm sigorta \u015firketleriyle uyumlu \u00e7al\u0131\u015f\u0131r; dilerseniz sigorta y\u00f6nlendirmesiyle \u00fccretsiz \u00e7ekim imk\u00e2n\u0131 da sa\u011flanabilir.<\/h1>\t\t\t\t<\/div>\n\t\t\t\t<div class=\"elementor-element elementor-element-882de0a elementor-widget elementor-widget-heading\" data-id=\"882de0a\" data-element_type=\"widget\" data-widget_type=\"heading.default\">\n\t\t\t\t\t<h1 class=\"elementor-heading-title elementor-size-default\">Memo Yol Yard\u0131m, Menemen'deki s\u00fcr\u00fcc\u00fclere sadece bir hizmet de\u011fil, ayn\u0131 zamanda g\u00fcven sunar. G\u00fcnd\u00fcz ya da gece fark etmez \u2014 ara\u00e7 \u00e7ekici ihtiyac\u0131n\u0131z oldu\u011funda tek yapman\u0131z gereken bizi aramak.<\/h1>\t\t\t\t<\/div>\n\t\t\t\t<div class=\"elementor-element elementor-element-70e1a1e elementor-invisible kitify-has-entrance-animation elementor-widget kitify elementor-kitify-button\" data-id=\"70e1a1e\" data-element_type=\"widget\" data-settings=\"{&quot;_animation&quot;:&quot;kitifyShortFadeInUp&quot;}\" data-widget_type=\"kitify-button.default\">\n\t\t\t\t<div class=\"elementor-widget-container\">\n\t\t\t\t\t        <div class=\"elementor-button-wrapper\">\n            <a href=\"tel:+905437949781\" class=\"elementor-button-link elementor-button elementor-btn-align-icon- elementor-size-lg elementor-animation-bob\" role=\"button\">\n                        <span class=\"elementor-button-content-wrapper\">\n\t\t\t\t\t\t<span class=\"elementor-button-text\">HEMEN ARA<\/span>\n\t\t<\/span>\n                    <\/a>\n        <\/div>\n        \t\t\t\t<\/div>\n\t\t\t\t<\/div>\n\t\t\t\t\t<\/div>\n\t\t\t\t<\/div>\n\t\t\t\t<\/div>\n\t\t","protected":false},"excerpt":{"rendered":"<p>Menemen Oto Kurtarma | 7\/24 Acil \u00c7ekici ve Yol Yard\u0131m Hizmeti \u0130zmir Menemen, sanayi ve transit ge\u00e7i\u015f yollar\u0131n\u0131n yo\u011fun oldu\u011fu bir b\u00f6lgedir. Arac\u0131n\u0131z yolda kald\u0131\u011f\u0131nda zaman kaybetmeyin \u2014 Memo Yol Yard\u0131m Menemen ekibi, an\u0131nda yan\u0131n\u0131za gelir. Asarl\u0131k, Ulukent, T\u00fcrkelli, Villakent, Kaz\u0131mpa\u015fa gibi b\u00f6lgelerde aktif \u00e7ekici hizmeti sunuyoruz. Hizmetlerimiz Ar\u0131za sonras\u0131 oto kurtarma Ak\u00fc takviyesi &amp; yak\u0131t deste\u011fi Lastik de\u011fi\u015fimi Kaza\u2026<\/p>\n","protected":false},"author":1,"featured_media":0,"parent":0,"menu_order":0,"comment_status":"closed","ping_status":"closed","template":"","meta":{"footnotes":""},"class_list":["post-7610","page","type-page","status-publish","hentry"],"yoast_head":"<!-- This site is optimized with the Yoast SEO plugin v26.3 - https:\/\/yoast.com\/wordpress\/plugins\/seo\/ -->\n<title>Menemen Oto Kurtarma - Memo Yol Yard\u0131m<\/title>\n<meta name=\"description\" content=\"Menemen, sanayi ve transit ge\u00e7i\u015f yollar\u0131n\u0131n yo\u011fun oldu\u011fu bir b\u00f6lgedir. Arac\u0131n\u0131z yolda kald\u0131\u011f\u0131nda zaman kaybetmeyin \u2014 Memo Yol Yard\u0131m Menemen ekibi, an\u0131nda yan\u0131n\u0131za gelir.Asarl\u0131k, Ulukent, T\u00fcrkelli, Villakent, Kaz\u0131mpa\u015fa gibi b\u00f6lgelerde aktif \u00e7ekici hizmeti sunuyoruz.\" \/>\n<meta name=\"robots\" content=\"index, follow, max-snippet:-1, max-image-preview:large, max-video-preview:-1\" \/>\n<link rel=\"canonical\" href=\"https:\/\/www.memoyolyardim.com\/index.php\/menemen-oto-kurtarma-7-24-acil-cekici-hizmeti\/\" \/>\n<meta property=\"og:locale\" content=\"tr_TR\" \/>\n<meta property=\"og:type\" content=\"article\" \/>\n<meta property=\"og:title\" content=\"Menemen Oto Kurtarma - Memo Yol Yard\u0131m\" \/>\n<meta property=\"og:description\" content=\"Menemen, sanayi ve transit ge\u00e7i\u015f yollar\u0131n\u0131n yo\u011fun oldu\u011fu bir b\u00f6lgedir. Arac\u0131n\u0131z yolda kald\u0131\u011f\u0131nda zaman kaybetmeyin \u2014 Memo Yol Yard\u0131m Menemen ekibi, an\u0131nda yan\u0131n\u0131za gelir.Asarl\u0131k, Ulukent, T\u00fcrkelli, Villakent, Kaz\u0131mpa\u015fa gibi b\u00f6lgelerde aktif \u00e7ekici hizmeti sunuyoruz.\" \/>\n<meta property=\"og:url\" content=\"https:\/\/www.memoyolyardim.com\/index.php\/menemen-oto-kurtarma-7-24-acil-cekici-hizmeti\/\" \/>\n<meta property=\"og:site_name\" content=\"Memo Yol Yard\u0131m\" \/>\n<meta property=\"article:modified_time\" content=\"2025-10-16T11:08:03+00:00\" \/>\n<meta property=\"og:image\" content=\"https:\/\/www.memoyolyardim.com\/wp-content\/uploads\/2025\/10\/m_10.webp\" \/>\n<meta name=\"twitter:card\" content=\"summary_large_image\" \/>\n<meta name=\"twitter:label1\" content=\"Tahmini okuma s\u00fcresi\" \/>\n\t<meta name=\"twitter:data1\" content=\"2 dakika\" \/>\n<script type=\"application\/ld+json\" class=\"yoast-schema-graph\">{\"@context\":\"https:\/\/schema.org\",\"@graph\":[{\"@type\":\"WebPage\",\"@id\":\"https:\/\/www.memoyolyardim.com\/index.php\/menemen-oto-kurtarma-7-24-acil-cekici-hizmeti\/\",\"url\":\"https:\/\/www.memoyolyardim.com\/index.php\/menemen-oto-kurtarma-7-24-acil-cekici-hizmeti\/\",\"name\":\"Menemen Oto Kurtarma - Memo Yol Yard\u0131m\",\"isPartOf\":{\"@id\":\"https:\/\/www.memoyolyardim.com\/#website\"},\"primaryImageOfPage\":{\"@id\":\"https:\/\/www.memoyolyardim.com\/index.php\/menemen-oto-kurtarma-7-24-acil-cekici-hizmeti\/#primaryimage\"},\"image\":{\"@id\":\"https:\/\/www.memoyolyardim.com\/index.php\/menemen-oto-kurtarma-7-24-acil-cekici-hizmeti\/#primaryimage\"},\"thumbnailUrl\":\"https:\/\/www.memoyolyardim.com\/wp-content\/uploads\/2025\/10\/m_10.webp\",\"datePublished\":\"2025-10-16T09:35:43+00:00\",\"dateModified\":\"2025-10-16T11:08:03+00:00\",\"description\":\"Menemen, sanayi ve transit ge\u00e7i\u015f yollar\u0131n\u0131n yo\u011fun oldu\u011fu bir b\u00f6lgedir. Arac\u0131n\u0131z yolda kald\u0131\u011f\u0131nda zaman kaybetmeyin \u2014 Memo Yol Yard\u0131m Menemen ekibi, an\u0131nda yan\u0131n\u0131za gelir.Asarl\u0131k, Ulukent, T\u00fcrkelli, Villakent, Kaz\u0131mpa\u015fa gibi b\u00f6lgelerde aktif \u00e7ekici hizmeti sunuyoruz.\",\"breadcrumb\":{\"@id\":\"https:\/\/www.memoyolyardim.com\/index.php\/menemen-oto-kurtarma-7-24-acil-cekici-hizmeti\/#breadcrumb\"},\"inLanguage\":\"tr\",\"potentialAction\":[{\"@type\":\"ReadAction\",\"target\":[\"https:\/\/www.memoyolyardim.com\/index.php\/menemen-oto-kurtarma-7-24-acil-cekici-hizmeti\/\"]}]},{\"@type\":\"ImageObject\",\"inLanguage\":\"tr\",\"@id\":\"https:\/\/www.memoyolyardim.com\/index.php\/menemen-oto-kurtarma-7-24-acil-cekici-hizmeti\/#primaryimage\",\"url\":\"https:\/\/www.memoyolyardim.com\/wp-content\/uploads\/2025\/10\/m_10.webp\",\"contentUrl\":\"https:\/\/www.memoyolyardim.com\/wp-content\/uploads\/2025\/10\/m_10.webp\",\"width\":1280,\"height\":580},{\"@type\":\"BreadcrumbList\",\"@id\":\"https:\/\/www.memoyolyardim.com\/index.php\/menemen-oto-kurtarma-7-24-acil-cekici-hizmeti\/#breadcrumb\",\"itemListElement\":[{\"@type\":\"ListItem\",\"position\":1,\"name\":\"Anasayfa\",\"item\":\"https:\/\/www.memoyolyardim.com\/\"},{\"@type\":\"ListItem\",\"position\":2,\"name\":\"Menemen Oto Kurtarma\"}]},{\"@type\":\"WebSite\",\"@id\":\"https:\/\/www.memoyolyardim.com\/#website\",\"url\":\"https:\/\/www.memoyolyardim.com\/\",\"name\":\"Memo Yol Yard\u0131m\",\"description\":\"7\/24 \u0130zmir Oto Kurtarma ve \u00c7ekici Hizmeti\",\"publisher\":{\"@id\":\"https:\/\/www.memoyolyardim.com\/#organization\"},\"potentialAction\":[{\"@type\":\"SearchAction\",\"target\":{\"@type\":\"EntryPoint\",\"urlTemplate\":\"https:\/\/www.memoyolyardim.com\/?s={search_term_string}\"},\"query-input\":{\"@type\":\"PropertyValueSpecification\",\"valueRequired\":true,\"valueName\":\"search_term_string\"}}],\"inLanguage\":\"tr\"},{\"@type\":\"Organization\",\"@id\":\"https:\/\/www.memoyolyardim.com\/#organization\",\"name\":\"Memo Yol Yard\u0131m\",\"url\":\"https:\/\/www.memoyolyardim.com\/\",\"logo\":{\"@type\":\"ImageObject\",\"inLanguage\":\"tr\",\"@id\":\"https:\/\/www.memoyolyardim.com\/#\/schema\/logo\/image\/\",\"url\":\"https:\/\/www.memoyolyardim.com\/wp-content\/uploads\/2023\/10\/logo.svg\",\"contentUrl\":\"https:\/\/www.memoyolyardim.com\/wp-content\/uploads\/2023\/10\/logo.svg\",\"width\":400,\"height\":82.4,\"caption\":\"Memo Yol Yard\u0131m\"},\"image\":{\"@id\":\"https:\/\/www.memoyolyardim.com\/#\/schema\/logo\/image\/\"},\"sameAs\":[\"https:\/\/www.instagram.com\/kabakci3450\/?igsh=MXUxemluNzJrNHlycw\"]}]}<\/script>\n<!-- \/ Yoast SEO plugin. -->","yoast_head_json":{"title":"Menemen Oto Kurtarma - Memo Yol Yard\u0131m","description":"Menemen, sanayi ve transit ge\u00e7i\u015f yollar\u0131n\u0131n yo\u011fun oldu\u011fu bir b\u00f6lgedir. Arac\u0131n\u0131z yolda kald\u0131\u011f\u0131nda zaman kaybetmeyin \u2014 Memo Yol Yard\u0131m Menemen ekibi, an\u0131nda yan\u0131n\u0131za gelir.Asarl\u0131k, Ulukent, T\u00fcrkelli, Villakent, Kaz\u0131mpa\u015fa gibi b\u00f6lgelerde aktif \u00e7ekici hizmeti sunuyoruz.","robots":{"index":"index","follow":"follow","max-snippet":"max-snippet:-1","max-image-preview":"max-image-preview:large","max-video-preview":"max-video-preview:-1"},"canonical":"https:\/\/www.memoyolyardim.com\/index.php\/menemen-oto-kurtarma-7-24-acil-cekici-hizmeti\/","og_locale":"tr_TR","og_type":"article","og_title":"Menemen Oto Kurtarma - Memo Yol Yard\u0131m","og_description":"Menemen, sanayi ve transit ge\u00e7i\u015f yollar\u0131n\u0131n yo\u011fun oldu\u011fu bir b\u00f6lgedir. Arac\u0131n\u0131z yolda kald\u0131\u011f\u0131nda zaman kaybetmeyin \u2014 Memo Yol Yard\u0131m Menemen ekibi, an\u0131nda yan\u0131n\u0131za gelir.Asarl\u0131k, Ulukent, T\u00fcrkelli, Villakent, Kaz\u0131mpa\u015fa gibi b\u00f6lgelerde aktif \u00e7ekici hizmeti sunuyoruz.","og_url":"https:\/\/www.memoyolyardim.com\/index.php\/menemen-oto-kurtarma-7-24-acil-cekici-hizmeti\/","og_site_name":"Memo Yol Yard\u0131m","article_modified_time":"2025-10-16T11:08:03+00:00","og_image":[{"url":"https:\/\/www.memoyolyardim.com\/wp-content\/uploads\/2025\/10\/m_10.webp","type":"","width":"","height":""}],"twitter_card":"summary_large_image","twitter_misc":{"Tahmini okuma s\u00fcresi":"2 dakika"},"schema":{"@context":"https:\/\/schema.org","@graph":[{"@type":"WebPage","@id":"https:\/\/www.memoyolyardim.com\/index.php\/menemen-oto-kurtarma-7-24-acil-cekici-hizmeti\/","url":"https:\/\/www.memoyolyardim.com\/index.php\/menemen-oto-kurtarma-7-24-acil-cekici-hizmeti\/","name":"Menemen Oto Kurtarma - Memo Yol Yard\u0131m","isPartOf":{"@id":"https:\/\/www.memoyolyardim.com\/#website"},"primaryImageOfPage":{"@id":"https:\/\/www.memoyolyardim.com\/index.php\/menemen-oto-kurtarma-7-24-acil-cekici-hizmeti\/#primaryimage"},"image":{"@id":"https:\/\/www.memoyolyardim.com\/index.php\/menemen-oto-kurtarma-7-24-acil-cekici-hizmeti\/#primaryimage"},"thumbnailUrl":"https:\/\/www.memoyolyardim.com\/wp-content\/uploads\/2025\/10\/m_10.webp","datePublished":"2025-10-16T09:35:43+00:00","dateModified":"2025-10-16T11:08:03+00:00","description":"Menemen, sanayi ve transit ge\u00e7i\u015f yollar\u0131n\u0131n yo\u011fun oldu\u011fu bir b\u00f6lgedir. Arac\u0131n\u0131z yolda kald\u0131\u011f\u0131nda zaman kaybetmeyin \u2014 Memo Yol Yard\u0131m Menemen ekibi, an\u0131nda yan\u0131n\u0131za gelir.Asarl\u0131k, Ulukent, T\u00fcrkelli, Villakent, Kaz\u0131mpa\u015fa gibi b\u00f6lgelerde aktif \u00e7ekici hizmeti sunuyoruz.","breadcrumb":{"@id":"https:\/\/www.memoyolyardim.com\/index.php\/menemen-oto-kurtarma-7-24-acil-cekici-hizmeti\/#breadcrumb"},"inLanguage":"tr","potentialAction":[{"@type":"ReadAction","target":["https:\/\/www.memoyolyardim.com\/index.php\/menemen-oto-kurtarma-7-24-acil-cekici-hizmeti\/"]}]},{"@type":"ImageObject","inLanguage":"tr","@id":"https:\/\/www.memoyolyardim.com\/index.php\/menemen-oto-kurtarma-7-24-acil-cekici-hizmeti\/#primaryimage","url":"https:\/\/www.memoyolyardim.com\/wp-content\/uploads\/2025\/10\/m_10.webp","contentUrl":"https:\/\/www.memoyolyardim.com\/wp-content\/uploads\/2025\/10\/m_10.webp","width":1280,"height":580},{"@type":"BreadcrumbList","@id":"https:\/\/www.memoyolyardim.com\/index.php\/menemen-oto-kurtarma-7-24-acil-cekici-hizmeti\/#breadcrumb","itemListElement":[{"@type":"ListItem","position":1,"name":"Anasayfa","item":"https:\/\/www.memoyolyardim.com\/"},{"@type":"ListItem","position":2,"name":"Menemen Oto Kurtarma"}]},{"@type":"WebSite","@id":"https:\/\/www.memoyolyardim.com\/#website","url":"https:\/\/www.memoyolyardim.com\/","name":"Memo Yol Yard\u0131m","description":"7\/24 \u0130zmir Oto Kurtarma ve \u00c7ekici Hizmeti","publisher":{"@id":"https:\/\/www.memoyolyardim.com\/#organization"},"potentialAction":[{"@type":"SearchAction","target":{"@type":"EntryPoint","urlTemplate":"https:\/\/www.memoyolyardim.com\/?s={search_term_string}"},"query-input":{"@type":"PropertyValueSpecification","valueRequired":true,"valueName":"search_term_string"}}],"inLanguage":"tr"},{"@type":"Organization","@id":"https:\/\/www.memoyolyardim.com\/#organization","name":"Memo Yol Yard\u0131m","url":"https:\/\/www.memoyolyardim.com\/","logo":{"@type":"ImageObject","inLanguage":"tr","@id":"https:\/\/www.memoyolyardim.com\/#\/schema\/logo\/image\/","url":"https:\/\/www.memoyolyardim.com\/wp-content\/uploads\/2023\/10\/logo.svg","contentUrl":"https:\/\/www.memoyolyardim.com\/wp-content\/uploads\/2023\/10\/logo.svg","width":400,"height":82.4,"caption":"Memo Yol Yard\u0131m"},"image":{"@id":"https:\/\/www.memoyolyardim.com\/#\/schema\/logo\/image\/"},"sameAs":["https:\/\/www.instagram.com\/kabakci3450\/?igsh=MXUxemluNzJrNHlycw"]}]}},"_links":{"self":[{"href":"https:\/\/www.memoyolyardim.com\/index.php\/wp-json\/wp\/v2\/pages\/7610","targetHints":{"allow":["GET"]}}],"collection":[{"href":"https:\/\/www.memoyolyardim.com\/index.php\/wp-json\/wp\/v2\/pages"}],"about":[{"href":"https:\/\/www.memoyolyardim.com\/index.php\/wp-json\/wp\/v2\/types\/page"}],"author":[{"embeddable":true,"href":"https:\/\/www.memoyolyardim.com\/index.php\/wp-json\/wp\/v2\/users\/1"}],"replies":[{"embeddable":true,"href":"https:\/\/www.memoyolyardim.com\/index.php\/wp-json\/wp\/v2\/comments?post=7610"}],"version-history":[{"count":4,"href":"https:\/\/www.memoyolyardim.com\/index.php\/wp-json\/wp\/v2\/pages\/7610\/revisions"}],"predecessor-version":[{"id":7614,"href":"https:\/\/www.memoyolyardim.com\/index.php\/wp-json\/wp\/v2\/pages\/7610\/revisions\/7614"}],"wp:attachment":[{"href":"https:\/\/www.memoyolyardim.com\/index.php\/wp-json\/wp\/v2\/media?parent=7610"}],"curies":[{"name":"wp","href":"https:\/\/api.w.org\/{rel}","templated":true}]}}