{"id":7599,"date":"2025-10-16T09:27:44","date_gmt":"2025-10-16T09:27:44","guid":{"rendered":"https:\/\/www.memoyolyardim.com\/?page_id=7599"},"modified":"2025-10-16T09:54:49","modified_gmt":"2025-10-16T09:54:49","slug":"karsiyaka-oto-kurtarma","status":"publish","type":"page","link":"https:\/\/www.memoyolyardim.com\/index.php\/karsiyaka-oto-kurtarma\/","title":{"rendered":"Kar\u015f\u0131yaka Oto Kurtarma"},"content":{"rendered":"\t\t<div data-elementor-type=\"wp-page\" data-elementor-id=\"7599\" class=\"elementor elementor-7599\">\n\t\t\t\t<div class=\"elementor-element elementor-element-5512578 e-flex e-con-boxed kitify-col-width-auto-no ignore-docs-style-no kitify-disable-relative-no e-root-container elementor-top-section e-con e-parent\" data-id=\"5512578\" data-element_type=\"container\">\n\t\t\t\t\t<div class=\"e-con-inner\">\n\t\t\t\t<div class=\"elementor-element elementor-element-8860d9a elementor-invisible kitify-has-entrance-animation elementor-widget elementor-widget-image\" data-id=\"8860d9a\" data-element_type=\"widget\" data-settings=\"{&quot;_animation&quot;:&quot;kitifyShortFadeInUp&quot;}\" data-widget_type=\"image.default\">\n\t\t\t\t\t\t\t\t\t\t\t\t\t\t\t<img fetchpriority=\"high\" decoding=\"async\" width=\"1280\" height=\"580\" src=\"https:\/\/www.memoyolyardim.com\/wp-content\/uploads\/2025\/10\/m_10.webp\" class=\"attachment-full size-full wp-image-7512\" alt=\"\" srcset=\"https:\/\/www.memoyolyardim.com\/wp-content\/uploads\/2025\/10\/m_10.webp 1280w, https:\/\/www.memoyolyardim.com\/wp-content\/uploads\/2025\/10\/m_10-300x136.webp 300w, https:\/\/www.memoyolyardim.com\/wp-content\/uploads\/2025\/10\/m_10-1024x464.webp 1024w, https:\/\/www.memoyolyardim.com\/wp-content\/uploads\/2025\/10\/m_10-768x348.webp 768w\" sizes=\"(max-width: 1280px) 100vw, 1280px\" \/>\t\t\t\t\t\t\t\t\t\t\t\t\t\t\t<\/div>\n\t\t\t\t\t<\/div>\n\t\t\t\t<\/div>\n\t\t<div class=\"elementor-element elementor-element-f98c450 e-flex e-con-boxed kitify-col-width-auto-no ignore-docs-style-no kitify-disable-relative-no e-root-container elementor-top-section e-con e-parent\" data-id=\"f98c450\" data-element_type=\"container\" data-settings=\"{&quot;background_background&quot;:&quot;classic&quot;}\">\n\t\t\t\t\t<div class=\"e-con-inner\">\n\t\t\t\t<div class=\"elementor-element elementor-element-c0389e6 elementor-widget elementor-widget-heading\" data-id=\"c0389e6\" data-element_type=\"widget\" data-widget_type=\"heading.default\">\n\t\t\t\t\t<h1 class=\"elementor-heading-title elementor-size-default\">Kar\u015f\u0131yaka Oto Kurtarma | 7\/24 Acil \u00c7ekici ve Yol Yard\u0131m Hizmeti \u0130zmir<\/h1>\t\t\t\t<\/div>\n\t\t\t\t<div class=\"elementor-element elementor-element-ccd49d4 elementor-widget elementor-widget-heading\" data-id=\"ccd49d4\" data-element_type=\"widget\" data-widget_type=\"heading.default\">\n\t\t\t\t\t<h1 class=\"elementor-heading-title elementor-size-default\">Memo Yol Yard\u0131m, Kar\u015f\u0131yaka ve \u00e7evresinde 7\/24 kesintisiz oto kurtarma, \u00e7ekici ve acil yol yard\u0131m hizmeti sunar. Arac\u0131n\u0131z yolda kald\u0131ysa, motor ar\u0131zas\u0131 ya\u015fad\u0131ysa ya da yak\u0131t\u0131n\u0131z bitti\u011finde panik yapmay\u0131n \u2014 profesyonel ekibimiz sadece bir telefon uza\u011f\u0131n\u0131zda!\n\u0130zmir\u2019in yo\u011fun trafi\u011finde, Kar\u015f\u0131yaka\u2019n\u0131n her mahallesinde (Bostanl\u0131, Alaybey, Mavi\u015fehir, Nergiz, Aksoy vb.) dakikalar i\u00e7inde yan\u0131n\u0131zday\u0131z.<\/h1>\t\t\t\t<\/div>\n\t\t\t\t<div class=\"elementor-element elementor-element-65134f0 elementor-widget elementor-widget-heading\" data-id=\"65134f0\" data-element_type=\"widget\" data-widget_type=\"heading.default\">\n\t\t\t\t\t<h1 class=\"elementor-heading-title elementor-size-default\">Hizmetlerimiz<\/h1>\t\t\t\t<\/div>\n\t\t\t\t<div class=\"elementor-element elementor-element-36281c9 elementor-mobile-align-left elementor-icon-list--layout-traditional elementor-list-item-link-full_width elementor-widget elementor-widget-icon-list\" data-id=\"36281c9\" data-element_type=\"widget\" data-widget_type=\"icon-list.default\">\n\t\t\t\t\t\t\t<ul class=\"elementor-icon-list-items\">\n\t\t\t\t\t\t\t<li class=\"elementor-icon-list-item\">\n\t\t\t\t\t\t\t\t\t\t\t<span class=\"elementor-icon-list-icon\">\n\t\t\t\t\t\t\t<i aria-hidden=\"true\" class=\"novaicon novaicon-d-check\"><\/i>\t\t\t\t\t\t<\/span>\n\t\t\t\t\t\t\t\t\t\t<span class=\"elementor-icon-list-text\">Ar\u0131za sonras\u0131 oto kurtarma<\/span>\n\t\t\t\t\t\t\t\t\t<\/li>\n\t\t\t\t\t\t\t\t<li class=\"elementor-icon-list-item\">\n\t\t\t\t\t\t\t\t\t\t\t<span class=\"elementor-icon-list-icon\">\n\t\t\t\t\t\t\t<i aria-hidden=\"true\" class=\"novaicon novaicon-d-check\"><\/i>\t\t\t\t\t\t<\/span>\n\t\t\t\t\t\t\t\t\t\t<span class=\"elementor-icon-list-text\">Ak\u00fc takviyesi &amp; yak\u0131t deste\u011fi<\/span>\n\t\t\t\t\t\t\t\t\t<\/li>\n\t\t\t\t\t\t\t\t<li class=\"elementor-icon-list-item\">\n\t\t\t\t\t\t\t\t\t\t\t<span class=\"elementor-icon-list-icon\">\n\t\t\t\t\t\t\t<i aria-hidden=\"true\" class=\"novaicon novaicon-d-check\"><\/i>\t\t\t\t\t\t<\/span>\n\t\t\t\t\t\t\t\t\t\t<span class=\"elementor-icon-list-text\">Lastik de\u011fi\u015fimi<\/span>\n\t\t\t\t\t\t\t\t\t<\/li>\n\t\t\t\t\t\t\t\t<li class=\"elementor-icon-list-item\">\n\t\t\t\t\t\t\t\t\t\t\t<span class=\"elementor-icon-list-icon\">\n\t\t\t\t\t\t\t<i aria-hidden=\"true\" class=\"novaicon novaicon-d-check\"><\/i>\t\t\t\t\t\t<\/span>\n\t\t\t\t\t\t\t\t\t\t<span class=\"elementor-icon-list-text\">Kaza sonras\u0131 \u00e7ekici hizmeti<\/span>\n\t\t\t\t\t\t\t\t\t<\/li>\n\t\t\t\t\t\t\t\t<li class=\"elementor-icon-list-item\">\n\t\t\t\t\t\t\t\t\t\t\t<span class=\"elementor-icon-list-icon\">\n\t\t\t\t\t\t\t<i aria-hidden=\"true\" class=\"novaicon novaicon-d-check\"><\/i>\t\t\t\t\t\t<\/span>\n\t\t\t\t\t\t\t\t\t\t<span class=\"elementor-icon-list-text\">Hafif ticari &amp; binek ara\u00e7 \u00e7ekimi<\/span>\n\t\t\t\t\t\t\t\t\t<\/li>\n\t\t\t\t\t\t<\/ul>\n\t\t\t\t\t\t<\/div>\n\t\t\t\t<div class=\"elementor-element elementor-element-6eba9fd elementor-widget elementor-widget-heading\" data-id=\"6eba9fd\" data-element_type=\"widget\" data-widget_type=\"heading.default\">\n\t\t\t\t\t<h1 class=\"elementor-heading-title elementor-size-default\">Kar\u015f\u0131yaka'da oto kurtarma hizmetinde en \u00f6nemli fark\u0131m\u0131z dakikalar i\u00e7inde ula\u015f\u0131m sa\u011flamam\u0131zd\u0131r.\nGPS destekli ara\u00e7 y\u00f6nlendirme sistemimiz sayesinde size en yak\u0131n \u00e7ekici an\u0131nda konumunuza y\u00f6nlendirilir.<\/h1>\t\t\t\t<\/div>\n\t\t\t\t<div class=\"elementor-element elementor-element-70a7c37 elementor-widget elementor-widget-heading\" data-id=\"70a7c37\" data-element_type=\"widget\" data-widget_type=\"heading.default\">\n\t\t\t\t\t<h1 class=\"elementor-heading-title elementor-size-default\">Neden Kar\u015f\u0131yaka\u2019da Memo Yol Yard\u0131m\u2019\u0131 tercih etmelisiniz?<\/h1>\t\t\t\t<\/div>\n\t\t\t\t<div class=\"elementor-element elementor-element-d173666 elementor-mobile-align-left elementor-icon-list--layout-traditional elementor-list-item-link-full_width elementor-widget elementor-widget-icon-list\" data-id=\"d173666\" data-element_type=\"widget\" data-widget_type=\"icon-list.default\">\n\t\t\t\t\t\t\t<ul class=\"elementor-icon-list-items\">\n\t\t\t\t\t\t\t<li class=\"elementor-icon-list-item\">\n\t\t\t\t\t\t\t\t\t\t\t<span class=\"elementor-icon-list-icon\">\n\t\t\t\t\t\t\t<i aria-hidden=\"true\" class=\"novaicon novaicon-d-check\"><\/i>\t\t\t\t\t\t<\/span>\n\t\t\t\t\t\t\t\t\t\t<span class=\"elementor-icon-list-text\">7\/24 aktif \u00e7a\u011fr\u0131 merkezi<\/span>\n\t\t\t\t\t\t\t\t\t<\/li>\n\t\t\t\t\t\t\t\t<li class=\"elementor-icon-list-item\">\n\t\t\t\t\t\t\t\t\t\t\t<span class=\"elementor-icon-list-icon\">\n\t\t\t\t\t\t\t<i aria-hidden=\"true\" class=\"novaicon novaicon-d-check\"><\/i>\t\t\t\t\t\t<\/span>\n\t\t\t\t\t\t\t\t\t\t<span class=\"elementor-icon-list-text\">Deneyimli s\u00fcr\u00fcc\u00fcler<\/span>\n\t\t\t\t\t\t\t\t\t<\/li>\n\t\t\t\t\t\t\t\t<li class=\"elementor-icon-list-item\">\n\t\t\t\t\t\t\t\t\t\t\t<span class=\"elementor-icon-list-icon\">\n\t\t\t\t\t\t\t<i aria-hidden=\"true\" class=\"novaicon novaicon-d-check\"><\/i>\t\t\t\t\t\t<\/span>\n\t\t\t\t\t\t\t\t\t\t<span class=\"elementor-icon-list-text\">Uygun fiyat politikas\u0131<\/span>\n\t\t\t\t\t\t\t\t\t<\/li>\n\t\t\t\t\t\t\t\t<li class=\"elementor-icon-list-item\">\n\t\t\t\t\t\t\t\t\t\t\t<span class=\"elementor-icon-list-icon\">\n\t\t\t\t\t\t\t<i aria-hidden=\"true\" class=\"novaicon novaicon-d-check\"><\/i>\t\t\t\t\t\t<\/span>\n\t\t\t\t\t\t\t\t\t\t<span class=\"elementor-icon-list-text\">Sigortal\u0131 ara\u00e7 ta\u015f\u0131ma garantisi<\/span>\n\t\t\t\t\t\t\t\t\t<\/li>\n\t\t\t\t\t\t<\/ul>\n\t\t\t\t\t\t<\/div>\n\t\t\t\t<div class=\"elementor-element elementor-element-a8c83c9 elementor-widget elementor-widget-heading\" data-id=\"a8c83c9\" data-element_type=\"widget\" data-widget_type=\"heading.default\">\n\t\t\t\t\t<h1 class=\"elementor-heading-title elementor-size-default\">Kaza, ar\u0131za, lastik patlamas\u0131, ak\u00fc bitmesi veya yak\u0131t t\u00fckenmesi gibi her durumda Memo Yol Yard\u0131m Kar\u015f\u0131yaka ekibi, g\u00fcvenli ve h\u0131zl\u0131 \u00e7\u00f6z\u00fcmler \u00fcretir. T\u00fcm sigorta \u015firketleriyle uyumlu \u00e7al\u0131\u015f\u0131r; dilerseniz sigorta y\u00f6nlendirmesiyle \u00fccretsiz \u00e7ekim imk\u00e2n\u0131 da sa\u011flanabilir.<\/h1>\t\t\t\t<\/div>\n\t\t\t\t<div class=\"elementor-element elementor-element-882de0a elementor-widget elementor-widget-heading\" data-id=\"882de0a\" data-element_type=\"widget\" data-widget_type=\"heading.default\">\n\t\t\t\t\t<h1 class=\"elementor-heading-title elementor-size-default\">Memo Yol Yard\u0131m, Kar\u015f\u0131yaka\u2019daki s\u00fcr\u00fcc\u00fclere sadece bir hizmet de\u011fil, ayn\u0131 zamanda g\u00fcven sunar. G\u00fcnd\u00fcz ya da gece fark etmez \u2014 ara\u00e7 \u00e7ekici ihtiyac\u0131n\u0131z oldu\u011funda tek yapman\u0131z gereken bizi aramak.<\/h1>\t\t\t\t<\/div>\n\t\t\t\t<div class=\"elementor-element elementor-element-70e1a1e elementor-invisible kitify-has-entrance-animation elementor-widget kitify elementor-kitify-button\" data-id=\"70e1a1e\" data-element_type=\"widget\" data-settings=\"{&quot;_animation&quot;:&quot;kitifyShortFadeInUp&quot;}\" data-widget_type=\"kitify-button.default\">\n\t\t\t\t<div class=\"elementor-widget-container\">\n\t\t\t\t\t        <div class=\"elementor-button-wrapper\">\n            <a href=\"tel:+905437949781\" class=\"elementor-button-link elementor-button elementor-btn-align-icon- elementor-size-lg elementor-animation-bob\" role=\"button\">\n                        <span class=\"elementor-button-content-wrapper\">\n\t\t\t\t\t\t<span class=\"elementor-button-text\">HEMEN ARA<\/span>\n\t\t<\/span>\n                    <\/a>\n        <\/div>\n        \t\t\t\t<\/div>\n\t\t\t\t<\/div>\n\t\t\t\t\t<\/div>\n\t\t\t\t<\/div>\n\t\t\t\t<\/div>\n\t\t","protected":false},"excerpt":{"rendered":"<p>Kar\u015f\u0131yaka Oto Kurtarma | 7\/24 Acil \u00c7ekici ve Yol Yard\u0131m Hizmeti \u0130zmir Memo Yol Yard\u0131m, Kar\u015f\u0131yaka ve \u00e7evresinde 7\/24 kesintisiz oto kurtarma, \u00e7ekici ve acil yol yard\u0131m hizmeti sunar. Arac\u0131n\u0131z yolda kald\u0131ysa, motor ar\u0131zas\u0131 ya\u015fad\u0131ysa ya da yak\u0131t\u0131n\u0131z bitti\u011finde panik yapmay\u0131n \u2014 profesyonel ekibimiz sadece bir telefon uza\u011f\u0131n\u0131zda! \u0130zmir\u2019in yo\u011fun trafi\u011finde, Kar\u015f\u0131yaka\u2019n\u0131n her mahallesinde (Bostanl\u0131, Alaybey, Mavi\u015fehir, Nergiz, Aksoy vb.)\u2026<\/p>\n","protected":false},"author":1,"featured_media":0,"parent":0,"menu_order":0,"comment_status":"closed","ping_status":"closed","template":"","meta":{"footnotes":""},"class_list":["post-7599","page","type-page","status-publish","hentry"],"yoast_head":"<!-- This site is optimized with the Yoast SEO plugin v26.3 - https:\/\/yoast.com\/wordpress\/plugins\/seo\/ -->\n<title>Kar\u015f\u0131yaka Oto Kurtarma | 7\/24 Acil \u00c7ekici Hizmeti<\/title>\n<meta name=\"description\" content=\"Kar\u015f\u0131yaka\u2019da 7\/24 oto kurtarma ve \u00e7ekici hizmeti. Memo Yol Yard\u0131m, h\u0131zl\u0131 ula\u015f\u0131m ve uygun fiyat garantisiyle Kar\u015f\u0131yaka\u2019n\u0131n her noktas\u0131nda yan\u0131n\u0131zda.\" \/>\n<meta name=\"robots\" content=\"index, follow, max-snippet:-1, max-image-preview:large, max-video-preview:-1\" \/>\n<link rel=\"canonical\" href=\"https:\/\/www.memoyolyardim.com\/index.php\/karsiyaka-oto-kurtarma\/\" \/>\n<meta property=\"og:locale\" content=\"tr_TR\" \/>\n<meta property=\"og:type\" content=\"article\" \/>\n<meta property=\"og:title\" content=\"Kar\u015f\u0131yaka Oto Kurtarma | 7\/24 Acil \u00c7ekici Hizmeti\" \/>\n<meta property=\"og:description\" content=\"Kar\u015f\u0131yaka\u2019da 7\/24 oto kurtarma ve \u00e7ekici hizmeti. Memo Yol Yard\u0131m, h\u0131zl\u0131 ula\u015f\u0131m ve uygun fiyat garantisiyle Kar\u015f\u0131yaka\u2019n\u0131n her noktas\u0131nda yan\u0131n\u0131zda.\" \/>\n<meta property=\"og:url\" content=\"https:\/\/www.memoyolyardim.com\/index.php\/karsiyaka-oto-kurtarma\/\" \/>\n<meta property=\"og:site_name\" content=\"Memo Yol Yard\u0131m\" \/>\n<meta property=\"article:modified_time\" content=\"2025-10-16T09:54:49+00:00\" \/>\n<meta property=\"og:image\" content=\"https:\/\/www.memoyolyardim.com\/wp-content\/uploads\/2025\/10\/m_10.webp\" \/>\n<meta name=\"twitter:card\" content=\"summary_large_image\" \/>\n<meta name=\"twitter:label1\" content=\"Tahmini okuma s\u00fcresi\" \/>\n\t<meta name=\"twitter:data1\" content=\"2 dakika\" \/>\n<script type=\"application\/ld+json\" class=\"yoast-schema-graph\">{\"@context\":\"https:\/\/schema.org\",\"@graph\":[{\"@type\":\"WebPage\",\"@id\":\"https:\/\/www.memoyolyardim.com\/index.php\/karsiyaka-oto-kurtarma\/\",\"url\":\"https:\/\/www.memoyolyardim.com\/index.php\/karsiyaka-oto-kurtarma\/\",\"name\":\"Kar\u015f\u0131yaka Oto Kurtarma | 7\/24 Acil \u00c7ekici Hizmeti\",\"isPartOf\":{\"@id\":\"https:\/\/www.memoyolyardim.com\/#website\"},\"primaryImageOfPage\":{\"@id\":\"https:\/\/www.memoyolyardim.com\/index.php\/karsiyaka-oto-kurtarma\/#primaryimage\"},\"image\":{\"@id\":\"https:\/\/www.memoyolyardim.com\/index.php\/karsiyaka-oto-kurtarma\/#primaryimage\"},\"thumbnailUrl\":\"https:\/\/www.memoyolyardim.com\/wp-content\/uploads\/2025\/10\/m_10.webp\",\"datePublished\":\"2025-10-16T09:27:44+00:00\",\"dateModified\":\"2025-10-16T09:54:49+00:00\",\"description\":\"Kar\u015f\u0131yaka\u2019da 7\/24 oto kurtarma ve \u00e7ekici hizmeti. Memo Yol Yard\u0131m, h\u0131zl\u0131 ula\u015f\u0131m ve uygun fiyat garantisiyle Kar\u015f\u0131yaka\u2019n\u0131n her noktas\u0131nda yan\u0131n\u0131zda.\",\"breadcrumb\":{\"@id\":\"https:\/\/www.memoyolyardim.com\/index.php\/karsiyaka-oto-kurtarma\/#breadcrumb\"},\"inLanguage\":\"tr\",\"potentialAction\":[{\"@type\":\"ReadAction\",\"target\":[\"https:\/\/www.memoyolyardim.com\/index.php\/karsiyaka-oto-kurtarma\/\"]}]},{\"@type\":\"ImageObject\",\"inLanguage\":\"tr\",\"@id\":\"https:\/\/www.memoyolyardim.com\/index.php\/karsiyaka-oto-kurtarma\/#primaryimage\",\"url\":\"https:\/\/www.memoyolyardim.com\/wp-content\/uploads\/2025\/10\/m_10.webp\",\"contentUrl\":\"https:\/\/www.memoyolyardim.com\/wp-content\/uploads\/2025\/10\/m_10.webp\",\"width\":1280,\"height\":580},{\"@type\":\"BreadcrumbList\",\"@id\":\"https:\/\/www.memoyolyardim.com\/index.php\/karsiyaka-oto-kurtarma\/#breadcrumb\",\"itemListElement\":[{\"@type\":\"ListItem\",\"position\":1,\"name\":\"Anasayfa\",\"item\":\"https:\/\/www.memoyolyardim.com\/\"},{\"@type\":\"ListItem\",\"position\":2,\"name\":\"Kar\u015f\u0131yaka Oto Kurtarma\"}]},{\"@type\":\"WebSite\",\"@id\":\"https:\/\/www.memoyolyardim.com\/#website\",\"url\":\"https:\/\/www.memoyolyardim.com\/\",\"name\":\"Memo Yol Yard\u0131m\",\"description\":\"7\/24 \u0130zmir Oto Kurtarma ve \u00c7ekici Hizmeti\",\"publisher\":{\"@id\":\"https:\/\/www.memoyolyardim.com\/#organization\"},\"potentialAction\":[{\"@type\":\"SearchAction\",\"target\":{\"@type\":\"EntryPoint\",\"urlTemplate\":\"https:\/\/www.memoyolyardim.com\/?s={search_term_string}\"},\"query-input\":{\"@type\":\"PropertyValueSpecification\",\"valueRequired\":true,\"valueName\":\"search_term_string\"}}],\"inLanguage\":\"tr\"},{\"@type\":\"Organization\",\"@id\":\"https:\/\/www.memoyolyardim.com\/#organization\",\"name\":\"Memo Yol Yard\u0131m\",\"url\":\"https:\/\/www.memoyolyardim.com\/\",\"logo\":{\"@type\":\"ImageObject\",\"inLanguage\":\"tr\",\"@id\":\"https:\/\/www.memoyolyardim.com\/#\/schema\/logo\/image\/\",\"url\":\"https:\/\/www.memoyolyardim.com\/wp-content\/uploads\/2023\/10\/logo.svg\",\"contentUrl\":\"https:\/\/www.memoyolyardim.com\/wp-content\/uploads\/2023\/10\/logo.svg\",\"width\":400,\"height\":82.4,\"caption\":\"Memo Yol Yard\u0131m\"},\"image\":{\"@id\":\"https:\/\/www.memoyolyardim.com\/#\/schema\/logo\/image\/\"},\"sameAs\":[\"https:\/\/www.instagram.com\/kabakci3450\/?igsh=MXUxemluNzJrNHlycw\"]}]}<\/script>\n<!-- \/ Yoast SEO plugin. -->","yoast_head_json":{"title":"Kar\u015f\u0131yaka Oto Kurtarma | 7\/24 Acil \u00c7ekici Hizmeti","description":"Kar\u015f\u0131yaka\u2019da 7\/24 oto kurtarma ve \u00e7ekici hizmeti. Memo Yol Yard\u0131m, h\u0131zl\u0131 ula\u015f\u0131m ve uygun fiyat garantisiyle Kar\u015f\u0131yaka\u2019n\u0131n her noktas\u0131nda yan\u0131n\u0131zda.","robots":{"index":"index","follow":"follow","max-snippet":"max-snippet:-1","max-image-preview":"max-image-preview:large","max-video-preview":"max-video-preview:-1"},"canonical":"https:\/\/www.memoyolyardim.com\/index.php\/karsiyaka-oto-kurtarma\/","og_locale":"tr_TR","og_type":"article","og_title":"Kar\u015f\u0131yaka Oto Kurtarma | 7\/24 Acil \u00c7ekici Hizmeti","og_description":"Kar\u015f\u0131yaka\u2019da 7\/24 oto kurtarma ve \u00e7ekici hizmeti. Memo Yol Yard\u0131m, h\u0131zl\u0131 ula\u015f\u0131m ve uygun fiyat garantisiyle Kar\u015f\u0131yaka\u2019n\u0131n her noktas\u0131nda yan\u0131n\u0131zda.","og_url":"https:\/\/www.memoyolyardim.com\/index.php\/karsiyaka-oto-kurtarma\/","og_site_name":"Memo Yol Yard\u0131m","article_modified_time":"2025-10-16T09:54:49+00:00","og_image":[{"url":"https:\/\/www.memoyolyardim.com\/wp-content\/uploads\/2025\/10\/m_10.webp","type":"","width":"","height":""}],"twitter_card":"summary_large_image","twitter_misc":{"Tahmini okuma s\u00fcresi":"2 dakika"},"schema":{"@context":"https:\/\/schema.org","@graph":[{"@type":"WebPage","@id":"https:\/\/www.memoyolyardim.com\/index.php\/karsiyaka-oto-kurtarma\/","url":"https:\/\/www.memoyolyardim.com\/index.php\/karsiyaka-oto-kurtarma\/","name":"Kar\u015f\u0131yaka Oto Kurtarma | 7\/24 Acil \u00c7ekici Hizmeti","isPartOf":{"@id":"https:\/\/www.memoyolyardim.com\/#website"},"primaryImageOfPage":{"@id":"https:\/\/www.memoyolyardim.com\/index.php\/karsiyaka-oto-kurtarma\/#primaryimage"},"image":{"@id":"https:\/\/www.memoyolyardim.com\/index.php\/karsiyaka-oto-kurtarma\/#primaryimage"},"thumbnailUrl":"https:\/\/www.memoyolyardim.com\/wp-content\/uploads\/2025\/10\/m_10.webp","datePublished":"2025-10-16T09:27:44+00:00","dateModified":"2025-10-16T09:54:49+00:00","description":"Kar\u015f\u0131yaka\u2019da 7\/24 oto kurtarma ve \u00e7ekici hizmeti. Memo Yol Yard\u0131m, h\u0131zl\u0131 ula\u015f\u0131m ve uygun fiyat garantisiyle Kar\u015f\u0131yaka\u2019n\u0131n her noktas\u0131nda yan\u0131n\u0131zda.","breadcrumb":{"@id":"https:\/\/www.memoyolyardim.com\/index.php\/karsiyaka-oto-kurtarma\/#breadcrumb"},"inLanguage":"tr","potentialAction":[{"@type":"ReadAction","target":["https:\/\/www.memoyolyardim.com\/index.php\/karsiyaka-oto-kurtarma\/"]}]},{"@type":"ImageObject","inLanguage":"tr","@id":"https:\/\/www.memoyolyardim.com\/index.php\/karsiyaka-oto-kurtarma\/#primaryimage","url":"https:\/\/www.memoyolyardim.com\/wp-content\/uploads\/2025\/10\/m_10.webp","contentUrl":"https:\/\/www.memoyolyardim.com\/wp-content\/uploads\/2025\/10\/m_10.webp","width":1280,"height":580},{"@type":"BreadcrumbList","@id":"https:\/\/www.memoyolyardim.com\/index.php\/karsiyaka-oto-kurtarma\/#breadcrumb","itemListElement":[{"@type":"ListItem","position":1,"name":"Anasayfa","item":"https:\/\/www.memoyolyardim.com\/"},{"@type":"ListItem","position":2,"name":"Kar\u015f\u0131yaka Oto Kurtarma"}]},{"@type":"WebSite","@id":"https:\/\/www.memoyolyardim.com\/#website","url":"https:\/\/www.memoyolyardim.com\/","name":"Memo Yol Yard\u0131m","description":"7\/24 \u0130zmir Oto Kurtarma ve \u00c7ekici Hizmeti","publisher":{"@id":"https:\/\/www.memoyolyardim.com\/#organization"},"potentialAction":[{"@type":"SearchAction","target":{"@type":"EntryPoint","urlTemplate":"https:\/\/www.memoyolyardim.com\/?s={search_term_string}"},"query-input":{"@type":"PropertyValueSpecification","valueRequired":true,"valueName":"search_term_string"}}],"inLanguage":"tr"},{"@type":"Organization","@id":"https:\/\/www.memoyolyardim.com\/#organization","name":"Memo Yol Yard\u0131m","url":"https:\/\/www.memoyolyardim.com\/","logo":{"@type":"ImageObject","inLanguage":"tr","@id":"https:\/\/www.memoyolyardim.com\/#\/schema\/logo\/image\/","url":"https:\/\/www.memoyolyardim.com\/wp-content\/uploads\/2023\/10\/logo.svg","contentUrl":"https:\/\/www.memoyolyardim.com\/wp-content\/uploads\/2023\/10\/logo.svg","width":400,"height":82.4,"caption":"Memo Yol Yard\u0131m"},"image":{"@id":"https:\/\/www.memoyolyardim.com\/#\/schema\/logo\/image\/"},"sameAs":["https:\/\/www.instagram.com\/kabakci3450\/?igsh=MXUxemluNzJrNHlycw"]}]}},"_links":{"self":[{"href":"https:\/\/www.memoyolyardim.com\/index.php\/wp-json\/wp\/v2\/pages\/7599","targetHints":{"allow":["GET"]}}],"collection":[{"href":"https:\/\/www.memoyolyardim.com\/index.php\/wp-json\/wp\/v2\/pages"}],"about":[{"href":"https:\/\/www.memoyolyardim.com\/index.php\/wp-json\/wp\/v2\/types\/page"}],"author":[{"embeddable":true,"href":"https:\/\/www.memoyolyardim.com\/index.php\/wp-json\/wp\/v2\/users\/1"}],"replies":[{"embeddable":true,"href":"https:\/\/www.memoyolyardim.com\/index.php\/wp-json\/wp\/v2\/comments?post=7599"}],"version-history":[{"count":4,"href":"https:\/\/www.memoyolyardim.com\/index.php\/wp-json\/wp\/v2\/pages\/7599\/revisions"}],"predecessor-version":[{"id":7603,"href":"https:\/\/www.memoyolyardim.com\/index.php\/wp-json\/wp\/v2\/pages\/7599\/revisions\/7603"}],"wp:attachment":[{"href":"https:\/\/www.memoyolyardim.com\/index.php\/wp-json\/wp\/v2\/media?parent=7599"}],"curies":[{"name":"wp","href":"https:\/\/api.w.org\/{rel}","templated":true}]}}