{"id":7017,"date":"2023-10-06T04:13:39","date_gmt":"2023-10-06T04:13:39","guid":{"rendered":"https:\/\/miniture.novaworks.net\/?page_id=14"},"modified":"2025-10-16T13:16:41","modified_gmt":"2025-10-16T13:16:41","slug":"iletisim","status":"publish","type":"page","link":"https:\/\/www.memoyolyardim.com\/index.php\/iletisim\/","title":{"rendered":"\u0130leti\u015fim"},"content":{"rendered":"\t\t<div data-elementor-type=\"wp-page\" data-elementor-id=\"7017\" class=\"elementor elementor-7017\">\n\t\t\t\t<div class=\"elementor-element elementor-element-e3a3cbf e-flex e-con-boxed kitify-col-width-auto-no ignore-docs-style-no kitify-disable-relative-no e-root-container elementor-top-section e-con e-parent\" data-id=\"e3a3cbf\" data-element_type=\"container\">\n\t\t\t\t\t<div class=\"e-con-inner\">\n\t\t\t\t<div class=\"elementor-element elementor-element-ea6bbc9 elementor-invisible kitify-has-entrance-animation elementor-widget elementor-widget-heading\" data-id=\"ea6bbc9\" data-element_type=\"widget\" data-settings=\"{&quot;_animation&quot;:&quot;kitifyShortFadeInUp&quot;}\" data-widget_type=\"heading.default\">\n\t\t\t\t\t<h1 class=\"elementor-heading-title elementor-size-default\">Siz neredeysiniz, biz oraday\u0131z!<\/h1>\t\t\t\t<\/div>\n\t\t\t\t<div class=\"elementor-element elementor-element-28ccf8e elementor-invisible kitify-has-entrance-animation elementor-widget elementor-widget-heading\" data-id=\"28ccf8e\" data-element_type=\"widget\" data-settings=\"{&quot;_animation&quot;:&quot;kitifyShortFadeInUp&quot;,&quot;_animation_delay&quot;:400}\" data-widget_type=\"heading.default\">\n\t\t\t\t\t<h2 class=\"elementor-heading-title elementor-size-default\">Her an yan\u0131n\u0131zday\u0131z! Yolda kald\u0131\u011f\u0131n\u0131zda ya da arac\u0131n\u0131z ar\u0131za yapt\u0131\u011f\u0131nda, bize tek bir telefonla ula\u015fabilir; <br>7\/24 oto \u00e7ekici ve kurtarma deste\u011fi alabilirsiniz.<\/h2>\t\t\t\t<\/div>\n\t\t\t\t<div class=\"elementor-element elementor-element-313b8f3 elementor-widget elementor-widget-google_maps\" data-id=\"313b8f3\" data-element_type=\"widget\" data-widget_type=\"google_maps.default\">\n\t\t\t\t\t\t\t<div class=\"elementor-custom-embed\">\n\t\t\t<iframe loading=\"lazy\"\n\t\t\t\t\tsrc=\"https:\/\/maps.google.com\/maps?q=1847%2F6%20Sokak%20No%3A%2027%2FA%2C%20%C3%96rnekk%C3%B6y%2C%20Kar%C5%9F%C4%B1yaka%20%2F%20%C4%B0zmir&#038;t=m&#038;z=12&#038;output=embed&#038;iwloc=near\"\n\t\t\t\t\ttitle=\"1847\/6 Sokak No: 27\/A, \u00d6rnekk\u00f6y, Kar\u015f\u0131yaka \/ \u0130zmir\"\n\t\t\t\t\taria-label=\"1847\/6 Sokak No: 27\/A, \u00d6rnekk\u00f6y, Kar\u015f\u0131yaka \/ \u0130zmir\"\n\t\t\t><\/iframe>\n\t\t<\/div>\n\t\t\t\t\t\t<\/div>\n\t\t\t\t\t<\/div>\n\t\t\t\t<\/div>\n\t\t<div class=\"elementor-element elementor-element-1967021 e-flex e-con-boxed kitify-col-width-auto-no ignore-docs-style-no kitify-disable-relative-no e-root-container elementor-top-section e-con e-parent\" data-id=\"1967021\" data-element_type=\"container\">\n\t\t\t\t\t<div class=\"e-con-inner\">\n\t\t<div class=\"elementor-element elementor-element-632855a e-con-full e-flex kitify-col-width-auto-no ignore-docs-style-no kitify-disable-relative-no elementor-invisible kitify-has-entrance-animation e-con e-child\" data-id=\"632855a\" data-element_type=\"container\" data-settings=\"{&quot;background_background&quot;:&quot;classic&quot;,&quot;animation&quot;:&quot;kitifyShortFadeInUp&quot;}\">\n\t\t\t\t<div class=\"elementor-element elementor-element-c44794f kitify-equal-height-disable elementor-widget kitify elementor-kitify-image-box\" data-id=\"c44794f\" data-element_type=\"widget\" data-widget_type=\"kitify-image-box.default\">\n\t\t\t\t<div class=\"elementor-widget-container\">\n\t\t\t\t\t<div class=\"kitify-imagebox text-center kitify-imagebox__content-align-center simple-card\"><div class=\"kitify-imagebox__header\"><img fetchpriority=\"high\" decoding=\"async\" width=\"1260\" height=\"1490\" src=\"https:\/\/www.memoyolyardim.com\/wp-content\/uploads\/2025\/10\/m1-01.webp\" class=\"kitify-imagebox__main_img attachment-full size-full wp-image-7268\" alt=\"\" srcset=\"https:\/\/www.memoyolyardim.com\/wp-content\/uploads\/2025\/10\/m1-01.webp 1260w, https:\/\/www.memoyolyardim.com\/wp-content\/uploads\/2025\/10\/m1-01-254x300.webp 254w, https:\/\/www.memoyolyardim.com\/wp-content\/uploads\/2025\/10\/m1-01-866x1024.webp 866w, https:\/\/www.memoyolyardim.com\/wp-content\/uploads\/2025\/10\/m1-01-768x908.webp 768w\" sizes=\"(max-width: 1260px) 100vw, 1260px\" \/><\/div><div class=\"kitify-imagebox__body\"><div class=\"kitify-imagebox__body_inner\"><\/div><\/div><\/div>\t\t\t\t<\/div>\n\t\t\t\t<\/div>\n\t\t\t\t<\/div>\n\t\t<div class=\"elementor-element elementor-element-61b9923 e-con-full e-flex kitify-col-width-auto-no ignore-docs-style-no kitify-disable-relative-no e-con e-child\" data-id=\"61b9923\" data-element_type=\"container\">\n\t\t\t\t<div class=\"elementor-element elementor-element-a338c94 elementor-invisible kitify-has-entrance-animation elementor-widget elementor-widget-heading\" data-id=\"a338c94\" data-element_type=\"widget\" data-settings=\"{&quot;_animation&quot;:&quot;kitifyShortFadeInUp&quot;,&quot;_animation_delay&quot;:400}\" data-widget_type=\"heading.default\">\n\t\t\t\t\t<h2 class=\"elementor-heading-title elementor-size-default\">Hemen Bize Ula\u015f\u0131n<\/h2>\t\t\t\t<\/div>\n\t\t\t\t<div class=\"elementor-element elementor-element-5f81933 elementor-invisible kitify-has-entrance-animation elementor-widget elementor-widget-heading\" data-id=\"5f81933\" data-element_type=\"widget\" data-settings=\"{&quot;_animation&quot;:&quot;kitifyShortFadeInUp&quot;,&quot;_animation_delay&quot;:500}\" data-widget_type=\"heading.default\">\n\t\t\t\t\t<p class=\"elementor-heading-title elementor-size-default\">Yolda kalmak stresli olabilir, ancak \u00e7\u00f6z\u00fcm bir telefon kadar yak\u0131n. Deneyimli ekibimizle \u0130zmir\u2019in her noktas\u0131na h\u0131zl\u0131 m\u00fcdahale ediyoruz.<\/p>\t\t\t\t<\/div>\n\t\t<div class=\"elementor-element elementor-element-c40bbc7 e-con-full e-flex kitify-col-width-auto-no ignore-docs-style-no kitify-disable-relative-no elementor-invisible kitify-has-entrance-animation e-con e-child\" data-id=\"c40bbc7\" data-element_type=\"container\" data-settings=\"{&quot;animation&quot;:&quot;kitifyShortFadeInUp&quot;,&quot;animation_delay&quot;:600}\">\n\t\t<div class=\"elementor-element elementor-element-5b194b8 e-con-full e-flex kitify-col-width-auto-no ignore-docs-style-no kitify-disable-relative-no e-con e-child\" data-id=\"5b194b8\" data-element_type=\"container\">\n\t\t\t\t<div class=\"elementor-element elementor-element-7425024 elementor-widget elementor-widget-heading\" data-id=\"7425024\" data-element_type=\"widget\" data-widget_type=\"heading.default\">\n\t\t\t\t\t<h4 class=\"elementor-heading-title elementor-size-default\">Kar\u015f\u0131yaka Ofis<\/h4>\t\t\t\t<\/div>\n\t\t\t\t<div class=\"elementor-element elementor-element-4fbefb9 elementor-widget elementor-widget-text-editor\" data-id=\"4fbefb9\" data-element_type=\"widget\" data-widget_type=\"text-editor.default\">\n\t\t\t\t\t\t\t\t\t<p>1847\/6 Sokak No: 27\/A, \u00d6rnekk\u00f6y,<br \/>Kar\u015f\u0131yaka \/ \u0130zmir<\/p>\t\t\t\t\t\t\t\t<\/div>\n\t\t\t\t<\/div>\n\t\t<div class=\"elementor-element elementor-element-85126ce e-con-full e-flex kitify-col-width-auto-no ignore-docs-style-no kitify-disable-relative-no e-con e-child\" data-id=\"85126ce\" data-element_type=\"container\">\n\t\t\t\t<div class=\"elementor-element elementor-element-8ce9c72 elementor-widget elementor-widget-heading\" data-id=\"8ce9c72\" data-element_type=\"widget\" data-widget_type=\"heading.default\">\n\t\t\t\t\t<h4 class=\"elementor-heading-title elementor-size-default\">\u0130leti\u015fim<\/h4>\t\t\t\t<\/div>\n\t\t\t\t<div class=\"elementor-element elementor-element-c387509 elementor-invisible kitify-has-entrance-animation elementor-widget elementor-widget-heading\" data-id=\"c387509\" data-element_type=\"widget\" data-settings=\"{&quot;_animation&quot;:&quot;kitifyShortFadeInUp&quot;,&quot;_animation_delay&quot;:500}\" data-widget_type=\"heading.default\">\n\t\t\t\t\t<p class=\"elementor-heading-title elementor-size-default\">+90 543 794 97 81<\/p>\t\t\t\t<\/div>\n\t\t\t\t<div class=\"elementor-element elementor-element-3cb9f35 elementor-invisible kitify-has-entrance-animation elementor-widget kitify elementor-kitify-button\" data-id=\"3cb9f35\" data-element_type=\"widget\" data-settings=\"{&quot;_animation&quot;:&quot;kitifyShortFadeInUp&quot;}\" data-widget_type=\"kitify-button.default\">\n\t\t\t\t<div class=\"elementor-widget-container\">\n\t\t\t\t\t        <div class=\"elementor-button-wrapper\">\n            <a href=\"tel:+905437949781\" class=\"elementor-button-link elementor-button elementor-btn-align-icon- elementor-size-md elementor-animation-bob\" role=\"button\">\n                        <span class=\"elementor-button-content-wrapper\">\n\t\t\t\t\t\t<span class=\"elementor-button-text\">HEMEN ARA<\/span>\n\t\t<\/span>\n                    <\/a>\n        <\/div>\n        \t\t\t\t<\/div>\n\t\t\t\t<\/div>\n\t\t\t\t<\/div>\n\t\t\t\t<\/div>\n\t\t\t\t<div class=\"elementor-element elementor-element-5b793fa elementor-invisible kitify-has-entrance-animation elementor-widget elementor-widget-heading\" data-id=\"5b793fa\" data-element_type=\"widget\" data-settings=\"{&quot;_animation&quot;:&quot;kitifyShortFadeInUp&quot;,&quot;_animation_delay&quot;:500}\" data-widget_type=\"heading.default\">\n\t\t\t\t\t<p class=\"elementor-heading-title elementor-size-default\">Memo Yol Yard\u0131m, \u00f6zellikle Kar\u015f\u0131yaka, \u00c7i\u011fli, Bayrakl\u0131, Menemen, Bornova ve Konak b\u00f6lgelerinde aktif olarak hizmet vermektedir.\nYolda kald\u0131\u011f\u0131n\u0131zda, bulundu\u011funuz konuma en yak\u0131n \u00e7ekici arac\u0131m\u0131z y\u00f6nlendirilir. B\u00f6ylece en k\u0131sa s\u00fcrede g\u00fcvenli kurtarma ve ta\u015f\u0131ma sa\u011flan\u0131r.<\/p>\t\t\t\t<\/div>\n\t\t\t\t<\/div>\n\t\t\t\t\t<\/div>\n\t\t\t\t<\/div>\n\t\t\t\t<\/div>\n\t\t","protected":false},"excerpt":{"rendered":"<p>Siz neredeysiniz, biz oraday\u0131z! Her an yan\u0131n\u0131zday\u0131z! Yolda kald\u0131\u011f\u0131n\u0131zda ya da arac\u0131n\u0131z ar\u0131za yapt\u0131\u011f\u0131nda, bize tek bir telefonla ula\u015fabilir; 7\/24 oto \u00e7ekici ve kurtarma deste\u011fi alabilirsiniz. Hemen Bize Ula\u015f\u0131n Yolda kalmak stresli olabilir, ancak \u00e7\u00f6z\u00fcm bir telefon kadar yak\u0131n. Deneyimli ekibimizle \u0130zmir\u2019in her noktas\u0131na h\u0131zl\u0131 m\u00fcdahale ediyoruz. Kar\u015f\u0131yaka Ofis 1847\/6 Sokak No: 27\/A, \u00d6rnekk\u00f6y,Kar\u015f\u0131yaka \/ \u0130zmir \u0130leti\u015fim +90 543 794\u2026<\/p>\n","protected":false},"author":1,"featured_media":0,"parent":0,"menu_order":0,"comment_status":"closed","ping_status":"closed","template":"","meta":{"footnotes":""},"class_list":["post-7017","page","type-page","status-publish","hentry"],"yoast_head":"<!-- This site is optimized with the Yoast SEO plugin v26.3 - https:\/\/yoast.com\/wordpress\/plugins\/seo\/ -->\n<title>\u0130zmir Oto Kurtarma \u0130leti\u015fim | 7\/24 Acil \u00c7ekici ve Yol Yard\u0131m Hatt\u0131<\/title>\n<meta name=\"description\" content=\"\u0130zmir\u2019de oto kurtarma ve \u00e7ekici hizmeti mi ar\u0131yorsunuz? 7\/24 hizmet veren ekibimize hemen ula\u015f\u0131n! H\u0131zl\u0131, g\u00fcvenli ve uygun fiyatl\u0131 \u00e7\u00f6z\u00fcmler i\u00e7in ileti\u015fim sayfam\u0131zdan bize ula\u015f\u0131n.\" \/>\n<meta name=\"robots\" content=\"index, follow, max-snippet:-1, max-image-preview:large, max-video-preview:-1\" \/>\n<link rel=\"canonical\" href=\"https:\/\/www.memoyolyardim.com\/index.php\/iletisim\/\" \/>\n<meta property=\"og:locale\" content=\"tr_TR\" \/>\n<meta property=\"og:type\" content=\"article\" \/>\n<meta property=\"og:title\" content=\"\u0130zmir Oto Kurtarma \u0130leti\u015fim | 7\/24 Acil \u00c7ekici ve Yol Yard\u0131m Hatt\u0131\" \/>\n<meta property=\"og:description\" content=\"\u0130zmir\u2019de oto kurtarma ve \u00e7ekici hizmeti mi ar\u0131yorsunuz? 7\/24 hizmet veren ekibimize hemen ula\u015f\u0131n! H\u0131zl\u0131, g\u00fcvenli ve uygun fiyatl\u0131 \u00e7\u00f6z\u00fcmler i\u00e7in ileti\u015fim sayfam\u0131zdan bize ula\u015f\u0131n.\" \/>\n<meta property=\"og:url\" content=\"https:\/\/www.memoyolyardim.com\/index.php\/iletisim\/\" \/>\n<meta property=\"og:site_name\" content=\"Memo Yol Yard\u0131m\" \/>\n<meta property=\"article:modified_time\" content=\"2025-10-16T13:16:41+00:00\" \/>\n<meta property=\"og:image\" content=\"https:\/\/www.memoyolyardim.com\/wp-content\/uploads\/2025\/10\/m1-01.webp\" \/>\n\t<meta property=\"og:image:width\" content=\"1260\" \/>\n\t<meta property=\"og:image:height\" content=\"1490\" \/>\n\t<meta property=\"og:image:type\" content=\"image\/webp\" \/>\n<meta name=\"twitter:card\" content=\"summary_large_image\" \/>\n<meta name=\"twitter:label1\" content=\"Tahmini okuma s\u00fcresi\" \/>\n\t<meta name=\"twitter:data1\" content=\"1 dakika\" \/>\n<script type=\"application\/ld+json\" class=\"yoast-schema-graph\">{\"@context\":\"https:\/\/schema.org\",\"@graph\":[{\"@type\":\"WebPage\",\"@id\":\"https:\/\/www.memoyolyardim.com\/index.php\/iletisim\/\",\"url\":\"https:\/\/www.memoyolyardim.com\/index.php\/iletisim\/\",\"name\":\"\u0130zmir Oto Kurtarma \u0130leti\u015fim | 7\/24 Acil \u00c7ekici ve Yol Yard\u0131m Hatt\u0131\",\"isPartOf\":{\"@id\":\"https:\/\/www.memoyolyardim.com\/#website\"},\"primaryImageOfPage\":{\"@id\":\"https:\/\/www.memoyolyardim.com\/index.php\/iletisim\/#primaryimage\"},\"image\":{\"@id\":\"https:\/\/www.memoyolyardim.com\/index.php\/iletisim\/#primaryimage\"},\"thumbnailUrl\":\"https:\/\/www.memoyolyardim.com\/wp-content\/uploads\/2025\/10\/m1-01.webp\",\"datePublished\":\"2023-10-06T04:13:39+00:00\",\"dateModified\":\"2025-10-16T13:16:41+00:00\",\"description\":\"\u0130zmir\u2019de oto kurtarma ve \u00e7ekici hizmeti mi ar\u0131yorsunuz? 7\/24 hizmet veren ekibimize hemen ula\u015f\u0131n! H\u0131zl\u0131, g\u00fcvenli ve uygun fiyatl\u0131 \u00e7\u00f6z\u00fcmler i\u00e7in ileti\u015fim sayfam\u0131zdan bize ula\u015f\u0131n.\",\"breadcrumb\":{\"@id\":\"https:\/\/www.memoyolyardim.com\/index.php\/iletisim\/#breadcrumb\"},\"inLanguage\":\"tr\",\"potentialAction\":[{\"@type\":\"ReadAction\",\"target\":[\"https:\/\/www.memoyolyardim.com\/index.php\/iletisim\/\"]}]},{\"@type\":\"ImageObject\",\"inLanguage\":\"tr\",\"@id\":\"https:\/\/www.memoyolyardim.com\/index.php\/iletisim\/#primaryimage\",\"url\":\"https:\/\/www.memoyolyardim.com\/wp-content\/uploads\/2025\/10\/m1-01.webp\",\"contentUrl\":\"https:\/\/www.memoyolyardim.com\/wp-content\/uploads\/2025\/10\/m1-01.webp\",\"width\":1260,\"height\":1490},{\"@type\":\"BreadcrumbList\",\"@id\":\"https:\/\/www.memoyolyardim.com\/index.php\/iletisim\/#breadcrumb\",\"itemListElement\":[{\"@type\":\"ListItem\",\"position\":1,\"name\":\"Anasayfa\",\"item\":\"https:\/\/www.memoyolyardim.com\/\"},{\"@type\":\"ListItem\",\"position\":2,\"name\":\"\u0130leti\u015fim\"}]},{\"@type\":\"WebSite\",\"@id\":\"https:\/\/www.memoyolyardim.com\/#website\",\"url\":\"https:\/\/www.memoyolyardim.com\/\",\"name\":\"Memo Yol Yard\u0131m\",\"description\":\"7\/24 \u0130zmir Oto Kurtarma ve \u00c7ekici Hizmeti\",\"publisher\":{\"@id\":\"https:\/\/www.memoyolyardim.com\/#organization\"},\"potentialAction\":[{\"@type\":\"SearchAction\",\"target\":{\"@type\":\"EntryPoint\",\"urlTemplate\":\"https:\/\/www.memoyolyardim.com\/?s={search_term_string}\"},\"query-input\":{\"@type\":\"PropertyValueSpecification\",\"valueRequired\":true,\"valueName\":\"search_term_string\"}}],\"inLanguage\":\"tr\"},{\"@type\":\"Organization\",\"@id\":\"https:\/\/www.memoyolyardim.com\/#organization\",\"name\":\"Memo Yol Yard\u0131m\",\"url\":\"https:\/\/www.memoyolyardim.com\/\",\"logo\":{\"@type\":\"ImageObject\",\"inLanguage\":\"tr\",\"@id\":\"https:\/\/www.memoyolyardim.com\/#\/schema\/logo\/image\/\",\"url\":\"https:\/\/www.memoyolyardim.com\/wp-content\/uploads\/2023\/10\/logo.svg\",\"contentUrl\":\"https:\/\/www.memoyolyardim.com\/wp-content\/uploads\/2023\/10\/logo.svg\",\"width\":400,\"height\":82.4,\"caption\":\"Memo Yol Yard\u0131m\"},\"image\":{\"@id\":\"https:\/\/www.memoyolyardim.com\/#\/schema\/logo\/image\/\"},\"sameAs\":[\"https:\/\/www.instagram.com\/kabakci3450\/?igsh=MXUxemluNzJrNHlycw\"]}]}<\/script>\n<!-- \/ Yoast SEO plugin. -->","yoast_head_json":{"title":"\u0130zmir Oto Kurtarma \u0130leti\u015fim | 7\/24 Acil \u00c7ekici ve Yol Yard\u0131m Hatt\u0131","description":"\u0130zmir\u2019de oto kurtarma ve \u00e7ekici hizmeti mi ar\u0131yorsunuz? 7\/24 hizmet veren ekibimize hemen ula\u015f\u0131n! H\u0131zl\u0131, g\u00fcvenli ve uygun fiyatl\u0131 \u00e7\u00f6z\u00fcmler i\u00e7in ileti\u015fim sayfam\u0131zdan bize ula\u015f\u0131n.","robots":{"index":"index","follow":"follow","max-snippet":"max-snippet:-1","max-image-preview":"max-image-preview:large","max-video-preview":"max-video-preview:-1"},"canonical":"https:\/\/www.memoyolyardim.com\/index.php\/iletisim\/","og_locale":"tr_TR","og_type":"article","og_title":"\u0130zmir Oto Kurtarma \u0130leti\u015fim | 7\/24 Acil \u00c7ekici ve Yol Yard\u0131m Hatt\u0131","og_description":"\u0130zmir\u2019de oto kurtarma ve \u00e7ekici hizmeti mi ar\u0131yorsunuz? 7\/24 hizmet veren ekibimize hemen ula\u015f\u0131n! H\u0131zl\u0131, g\u00fcvenli ve uygun fiyatl\u0131 \u00e7\u00f6z\u00fcmler i\u00e7in ileti\u015fim sayfam\u0131zdan bize ula\u015f\u0131n.","og_url":"https:\/\/www.memoyolyardim.com\/index.php\/iletisim\/","og_site_name":"Memo Yol Yard\u0131m","article_modified_time":"2025-10-16T13:16:41+00:00","og_image":[{"width":1260,"height":1490,"url":"https:\/\/www.memoyolyardim.com\/wp-content\/uploads\/2025\/10\/m1-01.webp","type":"image\/webp"}],"twitter_card":"summary_large_image","twitter_misc":{"Tahmini okuma s\u00fcresi":"1 dakika"},"schema":{"@context":"https:\/\/schema.org","@graph":[{"@type":"WebPage","@id":"https:\/\/www.memoyolyardim.com\/index.php\/iletisim\/","url":"https:\/\/www.memoyolyardim.com\/index.php\/iletisim\/","name":"\u0130zmir Oto Kurtarma \u0130leti\u015fim | 7\/24 Acil \u00c7ekici ve Yol Yard\u0131m Hatt\u0131","isPartOf":{"@id":"https:\/\/www.memoyolyardim.com\/#website"},"primaryImageOfPage":{"@id":"https:\/\/www.memoyolyardim.com\/index.php\/iletisim\/#primaryimage"},"image":{"@id":"https:\/\/www.memoyolyardim.com\/index.php\/iletisim\/#primaryimage"},"thumbnailUrl":"https:\/\/www.memoyolyardim.com\/wp-content\/uploads\/2025\/10\/m1-01.webp","datePublished":"2023-10-06T04:13:39+00:00","dateModified":"2025-10-16T13:16:41+00:00","description":"\u0130zmir\u2019de oto kurtarma ve \u00e7ekici hizmeti mi ar\u0131yorsunuz? 7\/24 hizmet veren ekibimize hemen ula\u015f\u0131n! H\u0131zl\u0131, g\u00fcvenli ve uygun fiyatl\u0131 \u00e7\u00f6z\u00fcmler i\u00e7in ileti\u015fim sayfam\u0131zdan bize ula\u015f\u0131n.","breadcrumb":{"@id":"https:\/\/www.memoyolyardim.com\/index.php\/iletisim\/#breadcrumb"},"inLanguage":"tr","potentialAction":[{"@type":"ReadAction","target":["https:\/\/www.memoyolyardim.com\/index.php\/iletisim\/"]}]},{"@type":"ImageObject","inLanguage":"tr","@id":"https:\/\/www.memoyolyardim.com\/index.php\/iletisim\/#primaryimage","url":"https:\/\/www.memoyolyardim.com\/wp-content\/uploads\/2025\/10\/m1-01.webp","contentUrl":"https:\/\/www.memoyolyardim.com\/wp-content\/uploads\/2025\/10\/m1-01.webp","width":1260,"height":1490},{"@type":"BreadcrumbList","@id":"https:\/\/www.memoyolyardim.com\/index.php\/iletisim\/#breadcrumb","itemListElement":[{"@type":"ListItem","position":1,"name":"Anasayfa","item":"https:\/\/www.memoyolyardim.com\/"},{"@type":"ListItem","position":2,"name":"\u0130leti\u015fim"}]},{"@type":"WebSite","@id":"https:\/\/www.memoyolyardim.com\/#website","url":"https:\/\/www.memoyolyardim.com\/","name":"Memo Yol Yard\u0131m","description":"7\/24 \u0130zmir Oto Kurtarma ve \u00c7ekici Hizmeti","publisher":{"@id":"https:\/\/www.memoyolyardim.com\/#organization"},"potentialAction":[{"@type":"SearchAction","target":{"@type":"EntryPoint","urlTemplate":"https:\/\/www.memoyolyardim.com\/?s={search_term_string}"},"query-input":{"@type":"PropertyValueSpecification","valueRequired":true,"valueName":"search_term_string"}}],"inLanguage":"tr"},{"@type":"Organization","@id":"https:\/\/www.memoyolyardim.com\/#organization","name":"Memo Yol Yard\u0131m","url":"https:\/\/www.memoyolyardim.com\/","logo":{"@type":"ImageObject","inLanguage":"tr","@id":"https:\/\/www.memoyolyardim.com\/#\/schema\/logo\/image\/","url":"https:\/\/www.memoyolyardim.com\/wp-content\/uploads\/2023\/10\/logo.svg","contentUrl":"https:\/\/www.memoyolyardim.com\/wp-content\/uploads\/2023\/10\/logo.svg","width":400,"height":82.4,"caption":"Memo Yol Yard\u0131m"},"image":{"@id":"https:\/\/www.memoyolyardim.com\/#\/schema\/logo\/image\/"},"sameAs":["https:\/\/www.instagram.com\/kabakci3450\/?igsh=MXUxemluNzJrNHlycw"]}]}},"_links":{"self":[{"href":"https:\/\/www.memoyolyardim.com\/index.php\/wp-json\/wp\/v2\/pages\/7017","targetHints":{"allow":["GET"]}}],"collection":[{"href":"https:\/\/www.memoyolyardim.com\/index.php\/wp-json\/wp\/v2\/pages"}],"about":[{"href":"https:\/\/www.memoyolyardim.com\/index.php\/wp-json\/wp\/v2\/types\/page"}],"author":[{"embeddable":true,"href":"https:\/\/www.memoyolyardim.com\/index.php\/wp-json\/wp\/v2\/users\/1"}],"replies":[{"embeddable":true,"href":"https:\/\/www.memoyolyardim.com\/index.php\/wp-json\/wp\/v2\/comments?post=7017"}],"version-history":[{"count":26,"href":"https:\/\/www.memoyolyardim.com\/index.php\/wp-json\/wp\/v2\/pages\/7017\/revisions"}],"predecessor-version":[{"id":7696,"href":"https:\/\/www.memoyolyardim.com\/index.php\/wp-json\/wp\/v2\/pages\/7017\/revisions\/7696"}],"wp:attachment":[{"href":"https:\/\/www.memoyolyardim.com\/index.php\/wp-json\/wp\/v2\/media?parent=7017"}],"curies":[{"name":"wp","href":"https:\/\/api.w.org\/{rel}","templated":true}]}}